{"id":952,"date":"2022-04-16T06:47:01","date_gmt":"2022-04-16T06:47:01","guid":{"rendered":"https:\/\/familien-stark.de\/index.php\/agb\/"},"modified":"2022-05-05T18:03:03","modified_gmt":"2022-05-05T18:03:03","slug":"agb","status":"publish","type":"page","link":"https:\/\/familienstark2645.live-website.com\/index.php\/agb\/","title":{"rendered":"AGB"},"content":{"rendered":"<div class=\"fusion-fullwidth fullwidth-box fusion-builder-row-1 fusion-flex-container nonhundred-percent-fullwidth non-hundred-percent-height-scrolling\" style=\"background-color: rgba(255,255,255,0);background-position: center center;background-repeat: no-repeat;border-width: 0px 0px 0px 0px;border-color:var(--awb-color7);border-style:solid;\" ><div class=\"fusion-builder-row fusion-row fusion-flex-align-items-flex-start\" style=\"max-width:1185.6px;margin-left: calc(-4% \/ 2 );margin-right: calc(-4% \/ 2 );\"><div class=\"fusion-layout-column fusion_builder_column fusion-builder-column-0 fusion_builder_column_1_1 1_1 fusion-flex-column\"><div class=\"fusion-column-wrapper fusion-flex-justify-content-flex-start fusion-content-layout-column\" style=\"background-position:left top;background-repeat:no-repeat;-webkit-background-size:cover;-moz-background-size:cover;-o-background-size:cover;background-size:cover;padding: 0px 0px 0px 0px;\"><style type=\"text\/css\">@media only screen and (max-width:1024px) {.fusion-title.fusion-title-1{margin-top:0px!important; margin-right:0px!important;margin-bottom:32px!important;margin-left:0px!important;}}@media only screen and (max-width:640px) {.fusion-title.fusion-title-1{margin-top:0px!important; margin-right:0px!important;margin-bottom:20px!important; margin-left:0px!important;}}<\/style><div class=\"fusion-title title fusion-title-1 fusion-sep-none fusion-title-text fusion-title-size-three\" style=\"margin-top:0px;margin-right:0px;margin-bottom:32px;margin-left:0px;\"><h3 class=\"title-heading-left fusion-responsive-typography-calculated\" style=\"margin:0;--fontSize:24;line-height:var(--awb-typography1-line-height);\">Allgemeine Gesch\u00e4ftsbedingungen<\/h3><\/div><div class=\"fusion-text fusion-text-1\" style=\"text-transform:none;\"><p>Allgemeine Gesch\u00e4ftsbedingen (AGB)<\/p>\n<p>Anmeldung und Zustandekommen des Vertrages<\/p>\n<p>Anmeldung<\/p>\n<p>Die Anmeldungen zu Kursen bei Familienstar(k) erfolgt in der Regel online \u00fcber die Homepage: <a href=\"https:\/\/familienstark2645.live-website.com\/\">www.familien-stark.de<\/a>. Eine Anmeldung kann auch per E-Mail sowie telefonisch erfolgen. Die M\u00f6glichkeit der Teilnahme am Kurs besteht erst nach Erhalt unserer Anmeldebest\u00e4tigung, die wir in der Regel per E-Mail versenden.<\/p>\n<p>Im Krankheitsfall ist die Teilnahme am Kurs nicht erw\u00fcnscht, um \u00dcbertragungen zu vermeiden. Wir behalten uns das Recht vor, Sie oder Ihr Kind notfalls bis zur Genesung auszuschlie\u00dfen. \u00a0Mit der Teilnahme an unseren Angeboten stimmen Sie zu, dass wir bei Ihnen \/ Ihrem Kind im Notfall Erste-Hilfe-Ma\u00dfnahmen durchf\u00fchren d\u00fcrfen.<\/p>\n<p>Best\u00e4tigung der Anmeldung<\/p>\n<p>Das Vertragsverh\u00e4ltnis mit Familienstar(k) kommt erst dann zustande, wenn ein freier Kursplatz best\u00e4tigt wurde, dies erfolgt i.d.R. automatisch nach der Buchung des Kurses. Jedoch unter dem Vorbehalt, dass die festgelegte Mindestteilnehmerzahl zum Kursbeginn erreicht wird. Widerrufsrechte bleiben hiervon unber\u00fchrt.<\/p>\n<p>Zahlung der Kursgeb\u00fchren<\/p>\n<p>Die H\u00f6he der verbindlichen Kursgeb\u00fchr ist den Kursbeschreibungen auf der Homepage von Familienstar(k) zu entnehmen. Die Kursgeb\u00fchr ist umgehend zu begleichen und in einem Betrag vor Beginn der Veranstaltung auf das angegebene Konto zu entrichten. In jedem Fall ist die Kursgeb\u00fchr vor Kursbeginn f\u00e4llig.<\/p>\n<p>Die Nichtteilnahme am Kurs befreit nicht von der Zahlung der Kursgeb\u00fchr.<\/p>\n<p>Mahnkosten gehen zu Lasten des\/ der Teilnehmer*in und werden dieser\/ diesem von Familienstar(k) in Rechnung gestellt. F\u00fcr jede au\u00dfergerichtliche Mahnung durch Familienstar(k) werden dem\/der Teilnehmer*in \u20ac 5,00 in Rechnung gestellt.<\/p>\n<p>Termine, Zeiten und Kursorte<\/p>\n<p>Verlegung von Kursterminen<\/p>\n<p>Alle angebotenen Kurse finden zu den angegebenen Terminen und Zeiten statt. \u00c4nderungen sind Familienstar(k) vorbehalten. \u00c4nderungen vor Kursbeginn f\u00fchren f\u00fcr den\/ die Kursteilnehmer*in zu einem Sonderk\u00fcndigungsrecht binnen 7 Tagen. Das Verlegen von einzelnen Terminen im Kursverlauf hat kein Sonderk\u00fcndigungsrecht oder Teilerstattungen zur Folge. Im Falle einer Terminverschiebung oder eines Kursausfalles informiert der Kursleiter den\/die Teilnehmer*in rechtzeitig. Ausgefallene Stunden versuchen wir nach M\u00f6glichkeit nachzuholen. Bei nicht Erreichen der erforderlichen Mindestteilnehmerzahl beh\u00e4lt sich der Kursleiter vor, den Kurs bis zum Tag des eigentlichen Kursbeginns abzusagen, soweit keine besondere Vereinbarung mit dem Auftraggeber erfolgt ist.<\/p>\n<p>Kursorte<\/p>\n<p>Familienstar(k) beh\u00e4lt es sich vor, den Kursort in einem zumutbaren Umkreis des ausgeschriebenen Kursortes zu verlegen.<\/p>\n<p>R\u00fccktritt, Kursabsagen und Erstattungen von Kursgeb\u00fchren<\/p>\n<p>R\u00fccktritt und K\u00fcndigung durch Familienstar(k)<\/p>\n<p>Werden ausgeschriebene Kurse durch den Kursleiter abgesagt, z.B. weil die Mindestteilnehmerzahl nicht erreicht ist, werden die Teilnehmer*innen \u00fcber die Absage unverz\u00fcglich schriftlich (in Ausnahmef\u00e4llen auch telefonisch) informiert. Bereits eingezahlte Kursentgelte werden in voller H\u00f6he unverz\u00fcglich zur\u00fcckerstattet.<\/p>\n<p>R\u00fccktritt von Teilnehmer*innen<\/p>\n<p>Der R\u00fccktritt von Teilnehmer*innen von der Anmeldung ist bis 6 Wochen vor dem Kurstermin m\u00f6glich und in jedem Fall schriftlich zu erkl\u00e4ren.<\/p>\n<p>Bei einem rechtzeitigen R\u00fccktritt bis sp\u00e4testens 6 Wochen vor Kursstart, wird die volle Kursgeb\u00fchr, abzgl. einer Verwaltungspauschale von \u20ac 5,00, erstattet.<\/p>\n<p>Bei einem R\u00fccktritt bis sp\u00e4testens 21 Tage vor Kursbeginn erstatten wir 50 % der Teilnahmegeb\u00fchren.<\/p>\n<p>Erfolgt der R\u00fccktritt sp\u00e4ter als 21 Tage vor Beginn, so ist eine Erstattung der Kursgeb\u00fchren nur m\u00f6glich, wenn ein\/e Ersatzteilnehmer*in sich verbindlich anmeldet. In diesem Fall behalten wir uns vor, eine Verwaltungsgeb\u00fchr von 10,00 \u20ac einzubehalten.<\/p>\n<p>F\u00fcr einige Angebote (z. B. Infoveranstaltungen) gelten abweichende Regelungen zum R\u00fccktritt. In der Regel ist hier eine Abmeldung bis eine Woche vor dem jeweiligen Termin m\u00f6glich und fristgerecht.<\/p>\n<p>Ein R\u00fccktritt von Teilnehmer*innen nach Beginn des Kurses ist nicht m\u00f6glich.<\/p>\n<p>Das Recht auf au\u00dferordentliche K\u00fcndigung aus wichtigem Grund bleibt unber\u00fchrt.<\/p>\n<p>Umbuchung<\/p>\n<p>Ein Anspruch auf Umbuchung in einen anderen Kurs besteht nicht. In Ausnahmef\u00e4llen kann der Kursleiter die Umbuchung in einen anderen Kurs zulassen. In diesem Fall behalten wir uns die Erhebung einer Bearbeitungsgeb\u00fchr von maximal 10 EUR vor.<\/p>\n<\/div><\/div><style type=\"text\/css\">.fusion-body .fusion-builder-column-0{width:100% !important;margin-top : 0px;margin-bottom : 0px;}.fusion-builder-column-0 > .fusion-column-wrapper {padding-top : 0px !important;padding-right : 0px !important;margin-right : 1.92%;padding-bottom : 0px !important;padding-left : 0px !important;margin-left : 1.92%;}@media only screen and (max-width:1024px) {.fusion-body .fusion-builder-column-0{width:100% !important;order : 0;}.fusion-builder-column-0 > .fusion-column-wrapper {margin-right : 1.92%;margin-left : 1.92%;}}@media only screen and (max-width:640px) {.fusion-body .fusion-builder-column-0{width:100% !important;order : 0;}.fusion-builder-column-0 > .fusion-column-wrapper {margin-right : 1.92%;margin-left : 1.92%;}}<\/style><\/div><\/div><style type=\"text\/css\">.fusion-body .fusion-flex-container.fusion-builder-row-1{ padding-top : ;margin-top : 0px;padding-right : ;padding-bottom : ;margin-bottom : 0px;padding-left : ;}<\/style><\/div>\n","protected":false},"excerpt":{"rendered":"","protected":false},"author":3,"featured_media":0,"parent":0,"menu_order":0,"comment_status":"closed","ping_status":"closed","template":"","meta":{"footnotes":""},"class_list":["post-952","page","type-page","status-publish","hentry"],"_links":{"self":[{"href":"https:\/\/familienstark2645.live-website.com\/index.php\/wp-json\/wp\/v2\/pages\/952","targetHints":{"allow":["GET"]}}],"collection":[{"href":"https:\/\/familienstark2645.live-website.com\/index.php\/wp-json\/wp\/v2\/pages"}],"about":[{"href":"https:\/\/familienstark2645.live-website.com\/index.php\/wp-json\/wp\/v2\/types\/page"}],"author":[{"embeddable":true,"href":"https:\/\/familienstark2645.live-website.com\/index.php\/wp-json\/wp\/v2\/users\/3"}],"replies":[{"embeddable":true,"href":"https:\/\/familienstark2645.live-website.com\/index.php\/wp-json\/wp\/v2\/comments?post=952"}],"version-history":[{"count":2,"href":"https:\/\/familienstark2645.live-website.com\/index.php\/wp-json\/wp\/v2\/pages\/952\/revisions"}],"predecessor-version":[{"id":1041,"href":"https:\/\/familienstark2645.live-website.com\/index.php\/wp-json\/wp\/v2\/pages\/952\/revisions\/1041"}],"wp:attachment":[{"href":"https:\/\/familienstark2645.live-website.com\/index.php\/wp-json\/wp\/v2\/media?parent=952"}],"curies":[{"name":"wp","href":"https:\/\/api.w.org\/{rel}","templated":true}]}}