{"id":1921,"date":"2024-06-17T09:09:34","date_gmt":"2024-06-17T09:09:34","guid":{"rendered":"https:\/\/familien-stark.de\/?post_type=product&#038;p=1921"},"modified":"2025-01-02T20:14:03","modified_gmt":"2025-01-02T20:14:03","slug":"babyturnen-fuer-babys-ab-3-monaten-ab-21-08-24","status":"publish","type":"product","link":"https:\/\/familienstark2645.live-website.com\/index.php\/produkt\/babyturnen-fuer-babys-ab-3-monaten-ab-21-08-24\/","title":{"rendered":"Babyturnen f\u00fcr Babys ab 3 Monaten ab 21.08.24"},"content":{"rendered":"<div>\n<p><strong>Babyturnen<\/strong><\/p>\n<p>Unser Kurs &#8222;Babyturnen&#8220; f\u00fcr Babys ab 3 Monaten ist ein gezieltes Bewegungsangebot, das die motorische, sensorische und kognitive Entwicklung der S\u00e4uglinge unterst\u00fctzt.<\/p>\n<p>Ziele unseres Kurses<\/p>\n<ol>\n<li>F\u00f6rderung der motorischen Entwicklung: St\u00e4rkung der Muskulatur und F\u00f6rderung von Bewegungsabl\u00e4ufen wie Kopfheben, Greifen, Drehen und sp\u00e4terem Krabbeln<\/li>\n<li>Sensorische Stimulation: Anregung der Sinne durch verschiedene Materialien, Kl\u00e4nge und Bewegungen<\/li>\n<li>Bindung zwischen Eltern und Kind: F\u00f6rderung der Beziehung durch gemeinsame Aktivit\u00e4ten und intensive Zeit miteinander<\/li>\n<li>Spa\u00df an Bewegung: Babys sollen Freude an der Bewegung und Aktivit\u00e4t erleben<\/li>\n<\/ol>\n<p>&nbsp;<\/p>\n<\/div>\n<p>Dozentin: Michelle Kelsch<\/p>\n<p>Kursort: Erbschl\u00f6er Stra\u00dfe 74, 42369 Wuppertal<\/p>\n<p>Kursstart: 21.08.-16.09.24 (8 Einheiten)<\/p>\n<p>Kosten: 77,00 \u20ac<\/p>\n","protected":false},"excerpt":{"rendered":"<p>Babyturnen Unser Kurs &#8222;Babyturnen&#8220; f\u00fcr Babys ab 3 Monaten ist [&hellip;]<\/p>\n","protected":false},"featured_media":1923,"template":"","meta":[],"product_brand":[],"product_cat":[69,31,29],"product_tag":[],"class_list":{"0":"post-1921","1":"product","2":"type-product","3":"status-publish","4":"has-post-thumbnail","6":"product_cat-august-2024","7":"product_cat-kurse-fuer-die-familie","8":"product_cat-kurse-kinder","10":"first","11":"outofstock","12":"taxable","13":"shipping-taxable","14":"purchasable","15":"product-type-variable","16":"has-default-attributes"},"_links":{"self":[{"href":"https:\/\/familienstark2645.live-website.com\/index.php\/wp-json\/wp\/v2\/product\/1921","targetHints":{"allow":["GET"]}}],"collection":[{"href":"https:\/\/familienstark2645.live-website.com\/index.php\/wp-json\/wp\/v2\/product"}],"about":[{"href":"https:\/\/familienstark2645.live-website.com\/index.php\/wp-json\/wp\/v2\/types\/product"}],"wp:featuredmedia":[{"embeddable":true,"href":"https:\/\/familienstark2645.live-website.com\/index.php\/wp-json\/wp\/v2\/media\/1923"}],"wp:attachment":[{"href":"https:\/\/familienstark2645.live-website.com\/index.php\/wp-json\/wp\/v2\/media?parent=1921"}],"wp:term":[{"taxonomy":"product_brand","embeddable":true,"href":"https:\/\/familienstark2645.live-website.com\/index.php\/wp-json\/wp\/v2\/product_brand?post=1921"},{"taxonomy":"product_cat","embeddable":true,"href":"https:\/\/familienstark2645.live-website.com\/index.php\/wp-json\/wp\/v2\/product_cat?post=1921"},{"taxonomy":"product_tag","embeddable":true,"href":"https:\/\/familienstark2645.live-website.com\/index.php\/wp-json\/wp\/v2\/product_tag?post=1921"}],"curies":[{"name":"wp","href":"https:\/\/api.w.org\/{rel}","templated":true}]}}