{"id":1951,"date":"2024-07-03T18:57:51","date_gmt":"2024-07-03T18:57:51","guid":{"rendered":"https:\/\/familien-stark.de\/?post_type=product&#038;p=1951"},"modified":"2025-01-21T20:06:47","modified_gmt":"2025-01-21T20:06:47","slug":"aus-liebe-zu-mir-das-10-wochenprogramm-fuer-mamas","status":"publish","type":"product","link":"https:\/\/familienstark2645.live-website.com\/index.php\/produkt\/aus-liebe-zu-mir-das-10-wochenprogramm-fuer-mamas\/","title":{"rendered":"Aus Liebe zu mir- das 10 Wochen-Programm f\u00fcr Mama\u00b4s"},"content":{"rendered":"<div>\n<p class=\"cvGsUA direction-ltr align-start para-style-body\"><span class=\"OYPEnA text-decoration-none text-strikethrough-none\">F\u00fchlst du manchmal, dass deine eigenen Bed\u00fcrfnisse viel zu kurz kommen w\u00e4hrend du versuchst, es allen Recht zu machen?<\/span><\/p>\n<p class=\"cvGsUA direction-ltr align-start para-style-body\"><span class=\"OYPEnA text-decoration-none text-strikethrough-none\">Hast du Momente, in denen du dich \u00fcberfordert f\u00fchlst und nachher Selbstzweifel sp\u00fcrst?<\/span><\/p>\n<p class=\"cvGsUA direction-ltr align-start para-style-body\"><span class=\"OYPEnA text-decoration-none text-strikethrough-none\">M\u00f6chtest du aus frustrierenden Momenten positive Energie sch\u00f6pfen?<\/span><\/p>\n<p>Dann ist das 10- w\u00f6chige Programm genau das Richtige f\u00fcr Dich!<\/p>\n<p>Du wirst folgendes Lernen:<\/p>\n<ul>\n<li>den Ausgleich zwischen dem Alltag und deinem pers\u00f6nlichem Wohlbefinden finden<\/li>\n<li>mehr Selbstvertrauen aufbauen und Pers\u00f6nlichkeit st\u00e4rken<\/li>\n<li>ein positives Denken entwickeln<\/li>\n<li>Lernen auf deine Bed\u00fcrfnisse zu achten und Selbstf\u00fcrsorge in deinen Alltag zu integrieren<\/li>\n<li>entwickeln von Strategien, um mit Stress umzugehen und Herausforderungen besser zu bew\u00e4ltigen<\/li>\n<\/ul>\n<p>&nbsp;<\/p>\n<p class=\"cvGsUA align-center para-style-body direction-ltr\"><span class=\"OYPEnA text-decoration-none text-strikethrough-none\">Das Programm beinhaltet:<\/span><\/p>\n<p class=\"cvGsUA align-center para-style-body direction-ltr\"><span class=\"OYPEnA text-decoration-none text-strikethrough-none\">w\u00f6chentliche Online Treffen (Montagabend 20.30 Uhr per Zoom)<\/span><\/p>\n<p class=\"cvGsUA align-center para-style-body direction-ltr\"><span class=\"OYPEnA text-decoration-none text-strikethrough-none\">t\u00e4glichen Input in unserer Telegram Gruppe<\/span><\/p>\n<p class=\"cvGsUA align-center para-style-body direction-ltr\"><span class=\"OYPEnA text-decoration-none text-strikethrough-none\">Workbook mit Aufgaben f\u00fcr 10 Wochen<\/span><\/p>\n<p class=\"cvGsUA align-center para-style-body direction-ltr\"><span class=\"OYPEnA text-decoration-none text-strikethrough-none\">wertvolle Impulse<\/span><\/p>\n<p class=\"cvGsUA align-center para-style-body direction-ltr\"><span class=\"OYPEnA text-decoration-none text-strikethrough-none\">Meditationseinheiten um zur Ruhe zu kommen <\/span><span class=\"OYPEnA text-decoration-none text-strikethrough-none\">und neue Energie zu tanken<\/span><\/p>\n<p>&nbsp;<\/p>\n<\/div>\n<p>&nbsp;<\/p>\n","protected":false},"excerpt":{"rendered":"<p>F\u00fchlst du manchmal, dass deine eigenen Bed\u00fcrfnisse viel zu kurz [&hellip;]<\/p>\n","protected":false},"featured_media":1953,"template":"","meta":[],"product_brand":[],"product_cat":[69,28],"product_tag":[],"class_list":{"0":"post-1951","1":"product","2":"type-product","3":"status-publish","4":"has-post-thumbnail","6":"product_cat-august-2024","7":"product_cat-kurse-frauen","9":"first","10":"instock","11":"taxable","12":"shipping-taxable","13":"purchasable","14":"product-type-variable"},"_links":{"self":[{"href":"https:\/\/familienstark2645.live-website.com\/index.php\/wp-json\/wp\/v2\/product\/1951","targetHints":{"allow":["GET"]}}],"collection":[{"href":"https:\/\/familienstark2645.live-website.com\/index.php\/wp-json\/wp\/v2\/product"}],"about":[{"href":"https:\/\/familienstark2645.live-website.com\/index.php\/wp-json\/wp\/v2\/types\/product"}],"wp:featuredmedia":[{"embeddable":true,"href":"https:\/\/familienstark2645.live-website.com\/index.php\/wp-json\/wp\/v2\/media\/1953"}],"wp:attachment":[{"href":"https:\/\/familienstark2645.live-website.com\/index.php\/wp-json\/wp\/v2\/media?parent=1951"}],"wp:term":[{"taxonomy":"product_brand","embeddable":true,"href":"https:\/\/familienstark2645.live-website.com\/index.php\/wp-json\/wp\/v2\/product_brand?post=1951"},{"taxonomy":"product_cat","embeddable":true,"href":"https:\/\/familienstark2645.live-website.com\/index.php\/wp-json\/wp\/v2\/product_cat?post=1951"},{"taxonomy":"product_tag","embeddable":true,"href":"https:\/\/familienstark2645.live-website.com\/index.php\/wp-json\/wp\/v2\/product_tag?post=1951"}],"curies":[{"name":"wp","href":"https:\/\/api.w.org\/{rel}","templated":true}]}}