{"id":2030,"date":"2025-02-18T12:37:15","date_gmt":"2025-02-18T11:37:15","guid":{"rendered":"https:\/\/familienstark2645.live-website.com\/?post_type=product&#038;p=2030"},"modified":"2025-04-12T22:57:05","modified_gmt":"2025-04-12T20:57:05","slug":"babyturnen-fuer-babys-ab-3-monaten-ab-30-04-2025","status":"publish","type":"product","link":"https:\/\/familienstark2645.live-website.com\/index.php\/produkt\/babyturnen-fuer-babys-ab-3-monaten-ab-30-04-2025\/","title":{"rendered":"Babyturnen f\u00fcr Babys ab 3 Monaten ab 30.04.2025"},"content":{"rendered":"<div>\n<p><strong>Babyturnen<\/strong><\/p>\n<p>Unser Kurs &#8222;Babyturnen&#8220; f\u00fcr Babys ab 3 Monaten ist ein gezieltes Bewegungsangebot, das die motorische, sensorische und kognitive Entwicklung der S\u00e4uglinge unterst\u00fctzt.<\/p>\n<p>Ziele unseres Kurses<\/p>\n<ol>\n<li>F\u00f6rderung der motorischen Entwicklung: St\u00e4rkung der Muskulatur und F\u00f6rderung von Bewegungsabl\u00e4ufen wie Kopfheben, Greifen, Drehen und sp\u00e4terem Krabbeln<\/li>\n<li>Sensorische Stimulation: Anregung der Sinne durch verschiedene Materialien, Kl\u00e4nge und Bewegungen<\/li>\n<li>Bindung zwischen Eltern und Kind: F\u00f6rderung der Beziehung durch gemeinsame Aktivit\u00e4ten und intensive Zeit miteinander<\/li>\n<li>Spa\u00df an Bewegung: Babys sollen Freude an der Bewegung und Aktivit\u00e4t erleben<\/li>\n<\/ol>\n<p>&nbsp;<\/p>\n<\/div>\n<p>Dozentin: Michelle Kelsch<\/p>\n<p>Kursort: Erbschl\u00f6er Stra\u00dfe 74, 42369 Wuppertal<\/p>\n<p>Kursstart: 30.04.2025-18.06.2025\u00a0 (6 Einheiten)<\/p>\n<p>Kosten: 59,00 \u20ac<\/p>\n","protected":false},"excerpt":{"rendered":"<p>Babyturnen Unser Kurs &#8222;Babyturnen&#8220; f\u00fcr Babys ab 3 Monaten ist [&hellip;]<\/p>\n","protected":false},"featured_media":2032,"template":"","meta":[],"product_brand":[],"product_cat":[72,31,29],"product_tag":[],"class_list":{"0":"post-2030","1":"product","2":"type-product","3":"status-publish","4":"has-post-thumbnail","6":"product_cat-april-2025","7":"product_cat-kurse-fuer-die-familie","8":"product_cat-kurse-kinder","10":"first","11":"instock","12":"taxable","13":"shipping-taxable","14":"purchasable","15":"product-type-variable","16":"has-default-attributes"},"_links":{"self":[{"href":"https:\/\/familienstark2645.live-website.com\/index.php\/wp-json\/wp\/v2\/product\/2030","targetHints":{"allow":["GET"]}}],"collection":[{"href":"https:\/\/familienstark2645.live-website.com\/index.php\/wp-json\/wp\/v2\/product"}],"about":[{"href":"https:\/\/familienstark2645.live-website.com\/index.php\/wp-json\/wp\/v2\/types\/product"}],"wp:featuredmedia":[{"embeddable":true,"href":"https:\/\/familienstark2645.live-website.com\/index.php\/wp-json\/wp\/v2\/media\/2032"}],"wp:attachment":[{"href":"https:\/\/familienstark2645.live-website.com\/index.php\/wp-json\/wp\/v2\/media?parent=2030"}],"wp:term":[{"taxonomy":"product_brand","embeddable":true,"href":"https:\/\/familienstark2645.live-website.com\/index.php\/wp-json\/wp\/v2\/product_brand?post=2030"},{"taxonomy":"product_cat","embeddable":true,"href":"https:\/\/familienstark2645.live-website.com\/index.php\/wp-json\/wp\/v2\/product_cat?post=2030"},{"taxonomy":"product_tag","embeddable":true,"href":"https:\/\/familienstark2645.live-website.com\/index.php\/wp-json\/wp\/v2\/product_tag?post=2030"}],"curies":[{"name":"wp","href":"https:\/\/api.w.org\/{rel}","templated":true}]}}